{"id":48,"date":"2017-05-10T17:08:21","date_gmt":"2017-05-10T15:08:21","guid":{"rendered":"http:\/\/remivernier.com\/?page_id=48"},"modified":"2018-08-20T09:56:23","modified_gmt":"2018-08-20T07:56:23","slug":"hired-home-page","status":"publish","type":"page","link":"https:\/\/remivernier.com\/index.php\/hired-home-page\/","title":{"rendered":"Cr\u00e9ation d\u2019un site h\u00e9berg\u00e9 avec authentification kerberos"},"content":{"rendered":"<p>Assurez-vous que \u00ab\u00a0useAppPoolCredentials\u00a0\u00bb est d\u00e9fini sur true. Lorsque \u00ab\u00a0useAppPoolCredentials\u00a0\u00bb est d\u00e9fini sur true, vous indiquez \u00e0 IIS qu&rsquo;il doit utiliser son identit\u00e9 de pool d&rsquo;applications (que nous avons modifi\u00e9e \u00e0 l&rsquo;\u00e9tape pr\u00e9c\u00e9dente pour pointer sur un compte de domaine) pour d\u00e9chiffrer le jeton \/ ticket Kerberos obtenu \u00e0 partir d&rsquo;AD et transmis par le client au serveur pour authentifier l&rsquo;utilisateur.<\/p>\n<p>&nbsp;<\/p>\n<p><strong>Remarque:<\/strong> Si nous avons \u00e0 la fois les m\u00e9thodes useAppPoolCredentials et kernel d\u00e9finies sur true, useAppPoolCredentials est prioritaire et le compte du pool d&rsquo;applications est utilis\u00e9 pour le d\u00e9chiffrement du ticket. Le param\u00e8tre Usekernelmode a \u00e9t\u00e9 introduit \u00e0 partir d&rsquo;IIS 7 et des versions ult\u00e9rieures. Dans IIS 6 et versions ant\u00e9rieures, l&rsquo;identit\u00e9 du pool d&rsquo;applications \u00e9tait toujours utilis\u00e9e pour le d\u00e9chiffrement du jeton \/ ticket.<\/p>\n","protected":false},"excerpt":{"rendered":"<p>Assurez-vous que \u00ab\u00a0useAppPoolCredentials\u00a0\u00bb est d\u00e9fini sur true. Lorsque \u00ab\u00a0useAppPoolCredentials\u00a0\u00bb est d\u00e9fini sur true, vous indiquez \u00e0 IIS qu&rsquo;il doit utiliser son identit\u00e9 de pool d&rsquo;applications (que nous avons modifi\u00e9e \u00e0 l&rsquo;\u00e9tape pr\u00e9c\u00e9dente pour pointer sur un compte de domaine) pour d\u00e9chiffrer le jeton \/ ticket Kerberos obtenu \u00e0 partir d&rsquo;AD et transmis par le client<\/p>\n","protected":false},"author":1,"featured_media":0,"parent":0,"menu_order":0,"comment_status":"closed","ping_status":"closed","template":"","meta":{"footnotes":""},"class_list":["post-48","page","type-page","status-publish","hentry"],"yoast_head":"<!-- This site is optimized with the Yoast SEO plugin v21.8.1 - https:\/\/yoast.com\/wordpress\/plugins\/seo\/ -->\n<title>Cr\u00e9ation d\u2019un site h\u00e9berg\u00e9 avec authentification kerberos - R\u00e9mi VERNIER<\/title>\n<meta name=\"robots\" content=\"index, follow, max-snippet:-1, max-image-preview:large, max-video-preview:-1\" \/>\n<link rel=\"canonical\" href=\"https:\/\/remivernier.com\/index.php\/hired-home-page\/\" \/>\n<meta property=\"og:locale\" content=\"fr_FR\" \/>\n<meta property=\"og:type\" content=\"article\" \/>\n<meta property=\"og:title\" content=\"Cr\u00e9ation d\u2019un site h\u00e9berg\u00e9 avec authentification kerberos - R\u00e9mi VERNIER\" \/>\n<meta property=\"og:description\" content=\"Assurez-vous que \u00ab\u00a0useAppPoolCredentials\u00a0\u00bb est d\u00e9fini sur true. Lorsque \u00ab\u00a0useAppPoolCredentials\u00a0\u00bb est d\u00e9fini sur true, vous indiquez \u00e0 IIS qu&rsquo;il doit utiliser son identit\u00e9 de pool d&rsquo;applications (que nous avons modifi\u00e9e \u00e0 l&rsquo;\u00e9tape pr\u00e9c\u00e9dente pour pointer sur un compte de domaine) pour d\u00e9chiffrer le jeton \/ ticket Kerberos obtenu \u00e0 partir d&rsquo;AD et transmis par le client\" \/>\n<meta property=\"og:url\" content=\"https:\/\/remivernier.com\/index.php\/hired-home-page\/\" \/>\n<meta property=\"og:site_name\" content=\"R\u00e9mi VERNIER\" \/>\n<meta property=\"article:modified_time\" content=\"2018-08-20T07:56:23+00:00\" \/>\n<meta name=\"twitter:card\" content=\"summary_large_image\" \/>\n<meta name=\"twitter:label1\" content=\"Dur\u00e9e de lecture estim\u00e9e\" \/>\n\t<meta name=\"twitter:data1\" content=\"1 minute\" \/>\n<script type=\"application\/ld+json\" class=\"yoast-schema-graph\">{\"@context\":\"https:\/\/schema.org\",\"@graph\":[{\"@type\":\"WebPage\",\"@id\":\"https:\/\/remivernier.com\/index.php\/hired-home-page\/\",\"url\":\"https:\/\/remivernier.com\/index.php\/hired-home-page\/\",\"name\":\"Cr\u00e9ation d\u2019un site h\u00e9berg\u00e9 avec authentification kerberos - R\u00e9mi VERNIER\",\"isPartOf\":{\"@id\":\"https:\/\/remivernier.com\/#website\"},\"datePublished\":\"2017-05-10T15:08:21+00:00\",\"dateModified\":\"2018-08-20T07:56:23+00:00\",\"breadcrumb\":{\"@id\":\"https:\/\/remivernier.com\/index.php\/hired-home-page\/#breadcrumb\"},\"inLanguage\":\"fr-FR\",\"potentialAction\":[{\"@type\":\"ReadAction\",\"target\":[\"https:\/\/remivernier.com\/index.php\/hired-home-page\/\"]}]},{\"@type\":\"BreadcrumbList\",\"@id\":\"https:\/\/remivernier.com\/index.php\/hired-home-page\/#breadcrumb\",\"itemListElement\":[{\"@type\":\"ListItem\",\"position\":1,\"name\":\"Accueil\",\"item\":\"https:\/\/remivernier.com\/\"},{\"@type\":\"ListItem\",\"position\":2,\"name\":\"Cr\u00e9ation d\u2019un site h\u00e9berg\u00e9 avec authentification kerberos\"}]},{\"@type\":\"WebSite\",\"@id\":\"https:\/\/remivernier.com\/#website\",\"url\":\"https:\/\/remivernier.com\/\",\"name\":\"R\u00e9mi VERNIER\",\"description\":\"Active Directory Services, Azure &amp; co...\",\"potentialAction\":[{\"@type\":\"SearchAction\",\"target\":{\"@type\":\"EntryPoint\",\"urlTemplate\":\"https:\/\/remivernier.com\/?s={search_term_string}\"},\"query-input\":\"required name=search_term_string\"}],\"inLanguage\":\"fr-FR\"}]}<\/script>\n<!-- \/ Yoast SEO plugin. -->","yoast_head_json":{"title":"Cr\u00e9ation d\u2019un site h\u00e9berg\u00e9 avec authentification kerberos - R\u00e9mi VERNIER","robots":{"index":"index","follow":"follow","max-snippet":"max-snippet:-1","max-image-preview":"max-image-preview:large","max-video-preview":"max-video-preview:-1"},"canonical":"https:\/\/remivernier.com\/index.php\/hired-home-page\/","og_locale":"fr_FR","og_type":"article","og_title":"Cr\u00e9ation d\u2019un site h\u00e9berg\u00e9 avec authentification kerberos - R\u00e9mi VERNIER","og_description":"Assurez-vous que \u00ab\u00a0useAppPoolCredentials\u00a0\u00bb est d\u00e9fini sur true. Lorsque \u00ab\u00a0useAppPoolCredentials\u00a0\u00bb est d\u00e9fini sur true, vous indiquez \u00e0 IIS qu&rsquo;il doit utiliser son identit\u00e9 de pool d&rsquo;applications (que nous avons modifi\u00e9e \u00e0 l&rsquo;\u00e9tape pr\u00e9c\u00e9dente pour pointer sur un compte de domaine) pour d\u00e9chiffrer le jeton \/ ticket Kerberos obtenu \u00e0 partir d&rsquo;AD et transmis par le client","og_url":"https:\/\/remivernier.com\/index.php\/hired-home-page\/","og_site_name":"R\u00e9mi VERNIER","article_modified_time":"2018-08-20T07:56:23+00:00","twitter_card":"summary_large_image","twitter_misc":{"Dur\u00e9e de lecture estim\u00e9e":"1 minute"},"schema":{"@context":"https:\/\/schema.org","@graph":[{"@type":"WebPage","@id":"https:\/\/remivernier.com\/index.php\/hired-home-page\/","url":"https:\/\/remivernier.com\/index.php\/hired-home-page\/","name":"Cr\u00e9ation d\u2019un site h\u00e9berg\u00e9 avec authentification kerberos - R\u00e9mi VERNIER","isPartOf":{"@id":"https:\/\/remivernier.com\/#website"},"datePublished":"2017-05-10T15:08:21+00:00","dateModified":"2018-08-20T07:56:23+00:00","breadcrumb":{"@id":"https:\/\/remivernier.com\/index.php\/hired-home-page\/#breadcrumb"},"inLanguage":"fr-FR","potentialAction":[{"@type":"ReadAction","target":["https:\/\/remivernier.com\/index.php\/hired-home-page\/"]}]},{"@type":"BreadcrumbList","@id":"https:\/\/remivernier.com\/index.php\/hired-home-page\/#breadcrumb","itemListElement":[{"@type":"ListItem","position":1,"name":"Accueil","item":"https:\/\/remivernier.com\/"},{"@type":"ListItem","position":2,"name":"Cr\u00e9ation d\u2019un site h\u00e9berg\u00e9 avec authentification kerberos"}]},{"@type":"WebSite","@id":"https:\/\/remivernier.com\/#website","url":"https:\/\/remivernier.com\/","name":"R\u00e9mi VERNIER","description":"Active Directory Services, Azure &amp; co...","potentialAction":[{"@type":"SearchAction","target":{"@type":"EntryPoint","urlTemplate":"https:\/\/remivernier.com\/?s={search_term_string}"},"query-input":"required name=search_term_string"}],"inLanguage":"fr-FR"}]}},"_links":{"self":[{"href":"https:\/\/remivernier.com\/index.php\/wp-json\/wp\/v2\/pages\/48","targetHints":{"allow":["GET"]}}],"collection":[{"href":"https:\/\/remivernier.com\/index.php\/wp-json\/wp\/v2\/pages"}],"about":[{"href":"https:\/\/remivernier.com\/index.php\/wp-json\/wp\/v2\/types\/page"}],"author":[{"embeddable":true,"href":"https:\/\/remivernier.com\/index.php\/wp-json\/wp\/v2\/users\/1"}],"replies":[{"embeddable":true,"href":"https:\/\/remivernier.com\/index.php\/wp-json\/wp\/v2\/comments?post=48"}],"version-history":[{"count":5,"href":"https:\/\/remivernier.com\/index.php\/wp-json\/wp\/v2\/pages\/48\/revisions"}],"predecessor-version":[{"id":84,"href":"https:\/\/remivernier.com\/index.php\/wp-json\/wp\/v2\/pages\/48\/revisions\/84"}],"wp:attachment":[{"href":"https:\/\/remivernier.com\/index.php\/wp-json\/wp\/v2\/media?parent=48"}],"curies":[{"name":"wp","href":"https:\/\/api.w.org\/{rel}","templated":true}]}}